{"id":6587,"date":"2020-07-02T09:50:59","date_gmt":"2020-07-02T13:50:59","guid":{"rendered":"https:\/\/www.vdh.virginia.gov\/richmond-city\/?page_id=6587"},"modified":"2025-04-07T10:10:28","modified_gmt":"2025-04-07T14:10:28","slug":"sitios-pruebas-covid-19","status":"publish","type":"page","link":"https:\/\/www.vdh.virginia.gov\/richmond-city\/sitios-pruebas-covid-19\/","title":{"rendered":"Sitios donde se puede obtener las pruebas de COVID-19"},"content":{"rendered":"<div id=\"pl-6587\"  class=\"panel-layout\" ><div id=\"pg-6587-0\"  class=\"panel-grid panel-no-style\" ><div id=\"pgc-6587-0-0\"  class=\"panel-grid-cell\" ><div id=\"panel-6587-0-0-0\" class=\"so-panel widget widget_sow-editor panel-first-child panel-last-child\" data-index=\"0\" ><div\n\t\t\t\n\t\t\tclass=\"so-widget-sow-editor so-widget-sow-editor-base\"\n\t\t\t\n\t\t>\n<div class=\"siteorigin-widget-tinymce textwidget\">\n\t<\/div>\n<\/div><\/div><\/div><\/div><div id=\"pg-6587-1\"  class=\"panel-grid panel-has-style\" ><div class=\"panel-row-style panel-row-style-for-6587-1\" ><div id=\"pgc-6587-1-0\"  class=\"panel-grid-cell\" ><div class=\"panel-cell-style panel-cell-style-for-6587-1-0\" ><div id=\"panel-6587-1-0-0\" class=\"so-panel widget widget_sow-editor panel-first-child panel-last-child\" data-index=\"1\" ><div class=\"panel-widget-style panel-widget-style-for-6587-1-0-0\" ><div\n\t\t\t\n\t\t\tclass=\"so-widget-sow-editor so-widget-sow-editor-base\"\n\t\t\t\n\t\t>\n<div class=\"siteorigin-widget-tinymce textwidget\">\n\t<div id=\"pg-4634-6\" class=\"panel-grid panel-no-style\">\n<div id=\"pgc-4634-6-0\" class=\"panel-grid-cell\">\n<div id=\"panel-4634-6-0-0\" class=\"so-panel widget widget_sow-editor panel-first-child panel-last-child\" data-index=\"18\">\n<div class=\"widget-img-shadow panel-widget-style panel-widget-style-for-4634-6-0-0\">\n<div class=\"so-widget-sow-editor so-widget-sow-editor-base\">\n<h2><span style=\"color: #6b6b6b;\">KITS DE PRUEBA EN CASA<\/span><\/h2>\n<p><strong>Farmacias y Supermercados<\/strong><\/p>\n<p>Las pruebas caseras de COVID-19 se pueden comprar sin receta en la mayor\u00eda de las farmacias y algunos supermercados y tiendas de conveniencia. Consulte directamente con farmacias locales y otros peque\u00f1os comercios. Las pruebas tambi\u00e9n se pueden comprar en l\u00ednea o directamente del fabricante.<\/p>\n<p><a href=\"https:\/\/www.cvs.com\/covid-test-kits\/?icid=shop-ahct-education-reimbursement-link1-request-tests\">CVS<\/a> y <a href=\"https:\/\/www.walgreens.com\/findcare\/covid19\/otc-test?ban=dl_dlSearchBanner_905024_URLchange_CovidTests\">Walgreens<\/a> ofrecen la posibilidad de pedir pruebas caseras en l\u00ednea. Su pedido se enviar\u00e1 a su seguro para determinar su elegibilidad; de lo contrario, las pruebas se venden en tiendas f\u00edsicas.<\/p>\n<p><!-- \/wp:list --><\/p>\n<\/div>\n<\/div>\n<\/div>\n<\/div>\n<\/div>\n<\/div>\n<\/div><\/div><\/div><\/div><\/div><div id=\"pgc-6587-1-1\"  class=\"panel-grid-cell\" ><div id=\"panel-6587-1-1-0\" class=\"so-panel widget widget_sow-editor panel-first-child\" data-index=\"2\" ><div\n\t\t\t\n\t\t\tclass=\"so-widget-sow-editor so-widget-sow-editor-base\"\n\t\t\t\n\t\t>\n<div class=\"siteorigin-widget-tinymce textwidget\">\n\t<h3>L\u00cdNEA DIRECTA DE RESULTADOS DE PRUEBAS<\/h3>\n<\/div>\n<\/div><\/div><div id=\"panel-6587-1-1-1\" class=\"so-panel widget widget_sow-editor panel-last-child\" data-index=\"3\" ><div\n\t\t\t\n\t\t\tclass=\"so-widget-sow-editor so-widget-sow-editor-base\"\n\t\t\t\n\t\t>\n<div class=\"siteorigin-widget-tinymce textwidget\">\n\t<p>Se notificar\u00e1 a las personas de sus resultados en 5-7 d\u00edas h\u00e1biles. Nuestro personal notificar\u00e1 a las personas que den positivo o que tengan resultados no concluyentes en un plazo de 3 d\u00edas h\u00e1biles. Las personas que buscan confirmaci\u00f3n o documentaci\u00f3n de un resultado negativo de una prueba pueden llamar a nuestro Centro de Llamadas COVID-19 al 804-205-3501 (de lunes a viernes de 8 a.m. a 4:30 p.m.) el tercer d\u00eda h\u00e1bil posterior a la prueba o despu\u00e9s. Los mensajes de voz se devolver\u00e1n dentro de 1 d\u00eda h\u00e1bil. La documentaci\u00f3n se le puede enviar por correo electr\u00f3nico de forma segura si la solicita.<\/p>\n<\/div>\n<\/div><\/div><\/div><\/div><\/div><\/div>","protected":false},"excerpt":{"rendered":"<p>KITS DE PRUEBA EN CASA Farmacias y Supermercados Las pruebas caseras de COVID-19 se pueden comprar sin receta en la mayor\u00eda de las farmacias y algunos supermercados y tiendas de [&hellip;]<\/p>\n","protected":false},"author":383,"featured_media":0,"parent":0,"menu_order":0,"comment_status":"closed","ping_status":"closed","template":"","meta":{"_lmt_disableupdate":"no","_lmt_disable":"","footnotes":""},"tags":[],"class_list":["post-6587","page","type-page","status-publish","hentry"],"yoast_head":"<!-- This site is optimized with the Yoast SEO plugin v27.3 - https:\/\/yoast.com\/product\/yoast-seo-wordpress\/ -->\n<title>Sitios donde se puede obtener las pruebas de COVID-19 - Richmond City Health Department<\/title>\n<meta name=\"robots\" content=\"index, follow, max-snippet:-1, max-image-preview:large, max-video-preview:-1\" \/>\n<link rel=\"canonical\" href=\"https:\/\/www.vdh.virginia.gov\/richmond-city\/sitios-pruebas-covid-19\/\" \/>\n<meta property=\"og:locale\" content=\"en_US\" \/>\n<meta property=\"og:type\" content=\"article\" \/>\n<meta property=\"og:title\" content=\"Sitios donde se puede obtener las pruebas de COVID-19 - Richmond City Health Department\" \/>\n<meta property=\"og:description\" content=\"KITS DE PRUEBA EN CASA Farmacias y Supermercados Las pruebas caseras de COVID-19 se pueden comprar sin receta en la mayor\u00eda de las farmacias y algunos supermercados y tiendas de [&hellip;]\" \/>\n<meta property=\"og:url\" content=\"https:\/\/www.vdh.virginia.gov\/richmond-city\/sitios-pruebas-covid-19\/\" \/>\n<meta property=\"og:site_name\" content=\"Richmond City Health Department\" \/>\n<meta property=\"article:modified_time\" content=\"2025-04-07T14:10:28+00:00\" \/>\n<meta name=\"twitter:card\" content=\"summary_large_image\" \/>\n<meta name=\"twitter:label1\" content=\"Est. reading time\" \/>\n\t<meta name=\"twitter:data1\" content=\"5 minutes\" \/>\n<script type=\"application\/ld+json\" class=\"yoast-schema-graph\">{\"@context\":\"https:\\\/\\\/schema.org\",\"@graph\":[{\"@type\":\"WebPage\",\"@id\":\"https:\\\/\\\/www.vdh.virginia.gov\\\/richmond-city\\\/sitios-pruebas-covid-19\\\/\",\"url\":\"https:\\\/\\\/www.vdh.virginia.gov\\\/richmond-city\\\/sitios-pruebas-covid-19\\\/\",\"name\":\"Sitios donde se puede obtener las pruebas de COVID-19 - Richmond City Health Department\",\"isPartOf\":{\"@id\":\"https:\\\/\\\/www.vdh.virginia.gov\\\/richmond-city\\\/#website\"},\"datePublished\":\"2020-07-02T13:50:59+00:00\",\"dateModified\":\"2025-04-07T14:10:28+00:00\",\"breadcrumb\":{\"@id\":\"https:\\\/\\\/www.vdh.virginia.gov\\\/richmond-city\\\/sitios-pruebas-covid-19\\\/#breadcrumb\"},\"inLanguage\":\"en-US\",\"potentialAction\":[{\"@type\":\"ReadAction\",\"target\":[\"https:\\\/\\\/www.vdh.virginia.gov\\\/richmond-city\\\/sitios-pruebas-covid-19\\\/\"]}]},{\"@type\":\"BreadcrumbList\",\"@id\":\"https:\\\/\\\/www.vdh.virginia.gov\\\/richmond-city\\\/sitios-pruebas-covid-19\\\/#breadcrumb\",\"itemListElement\":[{\"@type\":\"ListItem\",\"position\":1,\"name\":\"Home\",\"item\":\"https:\\\/\\\/www.vdh.virginia.gov\\\/richmond-city\\\/\"},{\"@type\":\"ListItem\",\"position\":2,\"name\":\"Sitios donde se puede obtener las pruebas de COVID-19\"}]},{\"@type\":\"WebSite\",\"@id\":\"https:\\\/\\\/www.vdh.virginia.gov\\\/richmond-city\\\/#website\",\"url\":\"https:\\\/\\\/www.vdh.virginia.gov\\\/richmond-city\\\/\",\"name\":\"Richmond City Health Department\",\"description\":\"\",\"potentialAction\":[{\"@type\":\"SearchAction\",\"target\":{\"@type\":\"EntryPoint\",\"urlTemplate\":\"https:\\\/\\\/www.vdh.virginia.gov\\\/richmond-city\\\/?s={search_term_string}\"},\"query-input\":{\"@type\":\"PropertyValueSpecification\",\"valueRequired\":true,\"valueName\":\"search_term_string\"}}],\"inLanguage\":\"en-US\"}]}<\/script>\n<!-- \/ Yoast SEO plugin. -->","yoast_head_json":{"title":"Sitios donde se puede obtener las pruebas de COVID-19 - Richmond City Health Department","robots":{"index":"index","follow":"follow","max-snippet":"max-snippet:-1","max-image-preview":"max-image-preview:large","max-video-preview":"max-video-preview:-1"},"canonical":"https:\/\/www.vdh.virginia.gov\/richmond-city\/sitios-pruebas-covid-19\/","og_locale":"en_US","og_type":"article","og_title":"Sitios donde se puede obtener las pruebas de COVID-19 - Richmond City Health Department","og_description":"KITS DE PRUEBA EN CASA Farmacias y Supermercados Las pruebas caseras de COVID-19 se pueden comprar sin receta en la mayor\u00eda de las farmacias y algunos supermercados y tiendas de [&hellip;]","og_url":"https:\/\/www.vdh.virginia.gov\/richmond-city\/sitios-pruebas-covid-19\/","og_site_name":"Richmond City Health Department","article_modified_time":"2025-04-07T14:10:28+00:00","twitter_card":"summary_large_image","twitter_misc":{"Est. reading time":"5 minutes"},"schema":{"@context":"https:\/\/schema.org","@graph":[{"@type":"WebPage","@id":"https:\/\/www.vdh.virginia.gov\/richmond-city\/sitios-pruebas-covid-19\/","url":"https:\/\/www.vdh.virginia.gov\/richmond-city\/sitios-pruebas-covid-19\/","name":"Sitios donde se puede obtener las pruebas de COVID-19 - Richmond City Health Department","isPartOf":{"@id":"https:\/\/www.vdh.virginia.gov\/richmond-city\/#website"},"datePublished":"2020-07-02T13:50:59+00:00","dateModified":"2025-04-07T14:10:28+00:00","breadcrumb":{"@id":"https:\/\/www.vdh.virginia.gov\/richmond-city\/sitios-pruebas-covid-19\/#breadcrumb"},"inLanguage":"en-US","potentialAction":[{"@type":"ReadAction","target":["https:\/\/www.vdh.virginia.gov\/richmond-city\/sitios-pruebas-covid-19\/"]}]},{"@type":"BreadcrumbList","@id":"https:\/\/www.vdh.virginia.gov\/richmond-city\/sitios-pruebas-covid-19\/#breadcrumb","itemListElement":[{"@type":"ListItem","position":1,"name":"Home","item":"https:\/\/www.vdh.virginia.gov\/richmond-city\/"},{"@type":"ListItem","position":2,"name":"Sitios donde se puede obtener las pruebas de COVID-19"}]},{"@type":"WebSite","@id":"https:\/\/www.vdh.virginia.gov\/richmond-city\/#website","url":"https:\/\/www.vdh.virginia.gov\/richmond-city\/","name":"Richmond City Health Department","description":"","potentialAction":[{"@type":"SearchAction","target":{"@type":"EntryPoint","urlTemplate":"https:\/\/www.vdh.virginia.gov\/richmond-city\/?s={search_term_string}"},"query-input":{"@type":"PropertyValueSpecification","valueRequired":true,"valueName":"search_term_string"}}],"inLanguage":"en-US"}]}},"_links":{"self":[{"href":"https:\/\/www.vdh.virginia.gov\/richmond-city\/wp-json\/wp\/v2\/pages\/6587","targetHints":{"allow":["GET"]}}],"collection":[{"href":"https:\/\/www.vdh.virginia.gov\/richmond-city\/wp-json\/wp\/v2\/pages"}],"about":[{"href":"https:\/\/www.vdh.virginia.gov\/richmond-city\/wp-json\/wp\/v2\/types\/page"}],"author":[{"embeddable":true,"href":"https:\/\/www.vdh.virginia.gov\/richmond-city\/wp-json\/wp\/v2\/users\/383"}],"replies":[{"embeddable":true,"href":"https:\/\/www.vdh.virginia.gov\/richmond-city\/wp-json\/wp\/v2\/comments?post=6587"}],"version-history":[{"count":21,"href":"https:\/\/www.vdh.virginia.gov\/richmond-city\/wp-json\/wp\/v2\/pages\/6587\/revisions"}],"predecessor-version":[{"id":22248,"href":"https:\/\/www.vdh.virginia.gov\/richmond-city\/wp-json\/wp\/v2\/pages\/6587\/revisions\/22248"}],"wp:attachment":[{"href":"https:\/\/www.vdh.virginia.gov\/richmond-city\/wp-json\/wp\/v2\/media?parent=6587"}],"wp:term":[{"taxonomy":"post_tag","embeddable":true,"href":"https:\/\/www.vdh.virginia.gov\/richmond-city\/wp-json\/wp\/v2\/tags?post=6587"}],"curies":[{"name":"wp","href":"https:\/\/api.w.org\/{rel}","templated":true}]}}