{"id":24,"date":"2016-10-28T17:39:22","date_gmt":"2016-10-28T17:39:22","guid":{"rendered":"https:\/\/www.vdh.virginia.gov\/richmond-city\/?page_id=24"},"modified":"2026-02-25T11:01:31","modified_gmt":"2026-02-25T16:01:31","slug":"healthy-childbirth-and-infancy","status":"publish","type":"page","link":"https:\/\/www.vdh.virginia.gov\/richmond-city\/healthy-childbirth-and-infancy\/","title":{"rendered":"Healthy Childbirth and Infancy"},"content":{"rendered":"<div id=\"pl-24\"  class=\"panel-layout\" ><div id=\"pg-24-0\"  class=\"panel-grid panel-no-style\" ><div id=\"pgc-24-0-0\"  class=\"panel-grid-cell\" ><div id=\"panel-24-0-0-0\" class=\"so-panel widget widget_sow-editor panel-first-child panel-last-child\" data-index=\"0\" ><div class=\"panel-widget-style panel-widget-style-for-24-0-0-0\" ><div\n\t\t\t\n\t\t\tclass=\"so-widget-sow-editor so-widget-sow-editor-base\"\n\t\t\t\n\t\t>\n<div class=\"siteorigin-widget-tinymce textwidget\">\n\t<p><strong><span style=\"font-size: 14pt;\"><a href=\"#healthychildbirth\">HEALTHY CHILDBIRTH AND INFANCY<\/a> | <a href=\"#maternity\">MATERNITY NAVIGATION<\/a><\/span><\/strong><\/p>\n<\/div>\n<\/div><\/div><\/div><\/div><\/div><div id=\"pg-24-1\"  class=\"panel-grid panel-has-style\" ><div class=\"no-desktop panel-row-style panel-row-style-for-24-1\" ><div id=\"pgc-24-1-0\"  class=\"panel-grid-cell\" ><div id=\"panel-24-1-0-0\" class=\"so-panel widget widget_sow-editor panel-first-child panel-last-child\" data-index=\"1\" ><div class=\"no-desktop panel-widget-style panel-widget-style-for-24-1-0-0\" ><div\n\t\t\t\n\t\t\tclass=\"so-widget-sow-editor so-widget-sow-editor-base\"\n\t\t\t\n\t\t>\n<div class=\"siteorigin-widget-tinymce textwidget\">\n\t<\/div>\n<\/div><\/div><\/div><\/div><\/div><\/div><div id=\"pg-24-2\"  class=\"panel-grid panel-no-style\" ><div id=\"pgc-24-2-0\"  class=\"panel-grid-cell\" ><div id=\"panel-24-2-0-0\" class=\"so-panel widget widget_sow-editor panel-first-child panel-last-child\" data-index=\"2\" ><div class=\"panel-widget-style panel-widget-style-for-24-2-0-0\" ><div\n\t\t\t\n\t\t\tclass=\"so-widget-sow-editor so-widget-sow-editor-base\"\n\t\t\t\n\t\t>\n<div class=\"siteorigin-widget-tinymce textwidget\">\n\t<h2><a id=\"healthychildbirth\"><\/a>Healthy Childbirth and Infancy<\/h2>\n<p>If you are pregnant, no matter your insurance status, contact us for more information about your maternal healthcare options. Learn more about our Henrico Maternal Navigation services below.<\/p>\n<p>For healthy pregnancy and healthy baby information visit <a href=\"http:\/\/womenshealth.gov\/pregnancy\">The Office on Women's Health Pregnancy page<\/a> (opens in new tab).<\/p>\n<p>If you need assistance in quitting smoking, call QuitNow Virginia at 1-800-QUIT-NOW (1-800-784-8669).<\/p>\n<p>&nbsp;<\/p>\n<p><span style=\"font-size: 18pt;\">Every mom and dad wants a healthy baby. <\/span><\/p>\n<p>We want that for you, too. You can cut your risk of premature birth and complications by taking care of your baby before it\u2019s born. It\u2019s a proven fact that many birth complications can be prevented with early and continued prenatal care. When you learn that you are pregnant, make sure that you:<\/p>\n<ul>\n<li>See a doctor or healthcare provider within the first three months of pregnancy<\/li>\n<li>Keep your appointments<\/li>\n<li>Eat properly by eating nutritious foods<\/li>\n<li>Don\u2019t smoke or drink alcohol<\/li>\n<li>Avoid stress and activities that could result in physical injury<\/li>\n<li>Learn the warning signs of preterm labor<\/li>\n<\/ul>\n<\/div>\n<\/div><\/div><\/div><\/div><div id=\"pgc-24-2-1\"  class=\"panel-grid-cell\" ><div id=\"panel-24-2-1-0\" class=\"so-panel widget widget_sow-editor panel-first-child panel-last-child\" data-index=\"3\" ><div class=\"panel-widget-style panel-widget-style-for-24-2-1-0\" ><div\n\t\t\t\n\t\t\tclass=\"so-widget-sow-editor so-widget-sow-editor-base\"\n\t\t\t\n\t\t>\n<div class=\"siteorigin-widget-tinymce textwidget\">\n\t<h3>CONTACT<\/h3>\n<p><strong>Richmond City Health District<\/strong><br \/>\n400 E. Cary Street<br \/>\nRichmond, VA 23219<\/p>\n<p>Militza Lopez<br \/>\nWork: 804-624-0795<br \/>\nOffice: 804-482-5505<\/p>\n<p>________<\/p>\n<p><strong>Henrico Health District:<\/strong><\/p>\n<p class=\"x_x_MsoNormal\">Maria Cotty-Mercado<br \/>\n804-501-4643 or 804-297-9245<\/p>\n<p>________<\/p>\n<p><span data-olk-copy-source=\"MessageBody\"><strong>Maternity Navigation Line number:<\/strong><br \/>\n804-482-5454<br \/>\nLeave voice message with a brief description of your needs and we will follow up.<\/span><\/p>\n<\/div>\n<\/div><\/div><\/div><\/div><\/div><div id=\"pg-24-3\"  class=\"panel-grid panel-has-style\" ><div class=\"panel-row-style panel-row-style-for-24-3\" ><div id=\"pgc-24-3-0\"  class=\"panel-grid-cell\" ><div id=\"panel-24-3-0-0\" class=\"so-panel widget widget_sow-editor panel-first-child panel-last-child\" data-index=\"4\" ><div class=\"panel-widget-style panel-widget-style-for-24-3-0-0\" ><div\n\t\t\t\n\t\t\tclass=\"so-widget-sow-editor so-widget-sow-editor-base\"\n\t\t\t\n\t\t>\n<div class=\"siteorigin-widget-tinymce textwidget\">\n\t<h2><span style=\"font-size: 14pt;\"><a id=\"maternity\"><\/a><strong><span style=\"font-size: 24pt;\">Maternity Navigation<\/span><\/strong><\/span><\/h2>\n<p><strong>CALL NOW!<\/strong><br \/>\nHenrico County Health Department<br \/>\n<span style=\"font-size: 18pt;\">804-501-5520<\/span><\/p>\n<p>Richmond City Health District<br \/>\n<span style=\"font-size: 18pt;\">804-482-5454<\/span><\/p>\n<p><span style=\"font-weight: 400;\">Richmond and Henrico Health Districts are here to help new parents and families connect to prenatal care.\u00a0 If you are pregnant and not sure what to do next please contact us!\u00a0 <\/span><span style=\"font-weight: 400;\">Our bilingual (English\/Spanish) social workers and RNs provide maternity case management focused on early access to prenatal care.\u00a0\u00a0<\/span><\/p>\n<p><span style=\"font-weight: 400;\">We specialize in connecting uninsured pregnant people to:<\/span><\/p>\n<ul>\n<li><span style=\"font-weight: 400;\">Prenatal care<\/span><\/li>\n<li><span style=\"font-weight: 400;\">Pregnancy education<\/span><\/li>\n<li><span style=\"font-weight: 400;\">Pregnancy tests (Henrico only)<\/span><\/li>\n<li><span style=\"font-weight: 400;\">Healthcare coverage assistance<\/span><\/li>\n<li><span style=\"font-weight: 400;\">Financial assistance options<\/span><\/li>\n<li><span style=\"font-weight: 400;\">Connection to community resources<\/span><\/li>\n<\/ul>\n<\/div>\n<\/div><\/div><\/div><\/div><div id=\"pgc-24-3-1\"  class=\"panel-grid-cell\" ><div id=\"panel-24-3-1-0\" class=\"so-panel widget widget_sow-editor panel-first-child panel-last-child\" data-index=\"5\" ><div class=\"panel-widget-style panel-widget-style-for-24-3-1-0\" ><div\n\t\t\t\n\t\t\tclass=\"so-widget-sow-editor so-widget-sow-editor-base\"\n\t\t\t\n\t\t>\n<div class=\"siteorigin-widget-tinymce textwidget\">\n\t<h2><a id=\"maternity\"><\/a><strong><span style=\"font-size: 24pt;\">Navegaci\u00f3n de maternidad<\/span><\/strong><\/h2>\n<p><span style=\"font-weight: 400;\"><strong>\u00a1LLAME AHORA!<\/strong><br \/>\nHenrico Departamento de Salud<br \/>\n<span style=\"font-size: 18pt;\">804-501-5520<\/span><\/span><\/p>\n<p>Richmond Distrito de Salud<br \/>\n<span style=\"font-size: 18pt;\">804-482-5454<\/span><\/p>\n<p><span style=\"font-weight: 400;\">Los distritos de salud de Richmond y Henrico pueden ayudar a las nuevas padres a conectarse con la atenci\u00f3n prenatal. Si est\u00e1 embarazada y necesita ayuda, \u00a1cont\u00e1ctenos! <\/span><span style=\"font-weight: 400;\">Nuestros trabajadores sociales y enfermeras biling\u00fces (ingl\u00e9s \/ espa\u00f1ol) lideran la gesti\u00f3n de casos de maternidad centrada en el acceso temprano a la atenci\u00f3n prenatal.\u00a0<\/span><\/p>\n<p><span style=\"font-weight: 400;\">Nos especializamos en conectar a gente embarazada sin seguro m\u00e9dico con:<\/span><\/p>\n<ul>\n<li><span style=\"font-weight: 400;\">Atenci\u00f3n prenatal<\/span><\/li>\n<li><span style=\"font-weight: 400;\">Educaci\u00f3n sobre el embarazo<\/span><\/li>\n<li><span style=\"font-weight: 400;\">Pruebas de embarazo (solo Henrico)<\/span><\/li>\n<li><span style=\"font-weight: 400;\">Asistencia con seguro <\/span><span style=\"font-weight: 400;\">m\u00e9dico<\/span><\/li>\n<li><span style=\"font-weight: 400;\">Opciones de asistencia financiera<\/span><\/li>\n<li><span style=\"font-weight: 400;\">Conexi\u00f3n a los recursos comunitarios<\/span><\/li>\n<\/ul>\n<\/div>\n<\/div><\/div><\/div><\/div><\/div><\/div><div id=\"pg-24-4\"  class=\"panel-grid panel-has-style\" ><div class=\"panel-row-style panel-row-style-for-24-4\" ><div id=\"pgc-24-4-0\"  class=\"panel-grid-cell\" ><div id=\"panel-24-4-0-0\" class=\"so-panel widget widget_sow-editor panel-first-child panel-last-child\" data-index=\"6\" ><div class=\"panel-widget-style panel-widget-style-for-24-4-0-0\" ><div\n\t\t\t\n\t\t\tclass=\"so-widget-sow-editor so-widget-sow-editor-base\"\n\t\t\t\n\t\t>\n<div class=\"siteorigin-widget-tinymce textwidget\">\n\t<h2><span style=\"color: #ffffff\">External Resources<\/span><\/h2>\n<\/div>\n<\/div><\/div><\/div><\/div><\/div><\/div><div id=\"pg-24-5\"  class=\"panel-grid panel-has-style\" ><div class=\"panel-row-style panel-row-style-for-24-5\" ><div id=\"pgc-24-5-0\"  class=\"panel-grid-cell\" ><div id=\"panel-24-5-0-0\" class=\"so-panel widget widget_sow-editor panel-first-child panel-last-child\" data-index=\"7\" ><div class=\"panel-widget-style panel-widget-style-for-24-5-0-0\" ><div\n\t\t\t\n\t\t\tclass=\"so-widget-sow-editor so-widget-sow-editor-base\"\n\t\t\t\n\t\t>\n<div class=\"siteorigin-widget-tinymce textwidget\">\n\t<ul>\n<li><a href=\"http:\/\/www.vcuhealth.org\/?id=3&amp;sid=1\" target=\"_blank\" rel=\"noopener noreferrer\">VCU Medical Center Patient Information<\/a> (opens in new tab)<\/li>\n<li><a href=\"http:\/\/www.vcuhealth.org\/?id=252&amp;sid=1\" target=\"_blank\" rel=\"noopener noreferrer\">VCU Medical Center Women\u2019s Health Services<\/a> (opens in new tab)<\/li>\n<li><a href=\"http:\/\/chipofvirginia.org\/\" target=\"_blank\" rel=\"noopener noreferrer\">Children\u2019s Health Involving Parents (CHIP of Richmond)<\/a> (opens in new tab)<\/li>\n<li><a href=\"http:\/\/www.familylifeline.org\/\" target=\"_blank\" rel=\"noopener noreferrer\">Family Lifeline<\/a> (opens in new tab)<\/li>\n<li><a href=\"http:\/\/www.modimes.org\/\" target=\"_blank\" rel=\"noopener noreferrer\">March of Dimes<\/a>\u00a0(opens in new tab)<\/li>\n<li><a href=\"http:\/\/www.parents.com\/\" target=\"_blank\" rel=\"noopener noreferrer\">Parents Magazine<\/a> (opens in new tab)<\/li>\n<li><a href=\"http:\/\/www.babycenter.com\/\" target=\"_blank\" rel=\"noopener noreferrer\">Baby Center<\/a>\u00a0(opens in new tab)<\/li>\n<li><a href=\"https:\/\/text4baby.org\/\" target=\"_blank\" rel=\"noopener noreferrer\">Text4Baby<\/a>\u00a0(opens in new tab)<\/li>\n<\/ul>\n<\/div>\n<\/div><\/div><\/div><\/div><div id=\"pgc-24-5-1\"  class=\"panel-grid-cell panel-grid-cell-mobile-last\" ><div id=\"panel-24-5-1-0\" class=\"so-panel widget widget_sow-editor panel-first-child panel-last-child\" data-index=\"8\" ><div class=\"panel-widget-style panel-widget-style-for-24-5-1-0\" ><div\n\t\t\t\n\t\t\tclass=\"so-widget-sow-editor so-widget-sow-editor-base\"\n\t\t\t\n\t\t>\n<div class=\"siteorigin-widget-tinymce textwidget\">\n\t<h2><span style=\"font-size: 14pt; color: #00a6a6;\"><strong>RECURSOS EN ESPA\u00d1OL<\/strong><\/span><\/h2>\n<ul>\n<li><a href=\"https:\/\/www.vcuhealth.org\/services\/womens-health\/our-services\/pregnancy-and-birth\/resources\/recursos-para-la-lactancia-materna\">Recursos para la lactancia materna (VCU)<\/a> (opens in new tab)<\/li>\n<li><a href=\"http:\/\/nacersano.org\/\" target=\"_blank\" rel=\"noopener noreferrer\">March of Dimes (Espa\u00f1ol)<\/a> (opens in new tab)<\/li>\n<li><a href=\"http:\/\/www.todobebe.com\/\" target=\"_blank\" rel=\"noopener noreferrer\">TodoBebe.com<\/a>\u00a0(opens in new tab)<a href=\"https:\/\/www.cpsc.gov\/es\/Safety-Education\/Safety-Guides\/cribs-kids-and-babies-toys\/revise-su-hogar\" target=\"_blank\" rel=\"noopener noreferrer\"><br \/>\n<\/a><\/li>\n<li><a href=\"https:\/\/text4baby.org\/\" target=\"_blank\" rel=\"noopener noreferrer\">Text4Baby-Espa\u00f1ol<\/a>\u00a0(opens in new tab)<\/li>\n<\/ul>\n<\/div>\n<\/div><\/div><\/div><\/div><div id=\"pgc-24-5-2\"  class=\"panel-grid-cell panel-grid-cell-empty\" ><\/div><\/div><\/div><\/div>","protected":false},"excerpt":{"rendered":"<p>HEALTHY CHILDBIRTH AND INFANCY | MATERNITY NAVIGATION<\/p>\n","protected":false},"author":590,"featured_media":0,"parent":0,"menu_order":0,"comment_status":"closed","ping_status":"closed","template":"","meta":{"_lmt_disableupdate":"no","_lmt_disable":"","footnotes":""},"tags":[],"class_list":["post-24","page","type-page","status-publish","hentry"],"yoast_head":"<!-- This site is optimized with the Yoast SEO plugin v27.4 - https:\/\/yoast.com\/product\/yoast-seo-wordpress\/ -->\n<title>Healthy Childbirth and Infancy - Richmond City Health Department<\/title>\n<meta name=\"robots\" content=\"index, follow, max-snippet:-1, max-image-preview:large, max-video-preview:-1\" \/>\n<link rel=\"canonical\" href=\"https:\/\/www.vdh.virginia.gov\/richmond-city\/healthy-childbirth-and-infancy\/\" \/>\n<meta property=\"og:locale\" content=\"en_US\" \/>\n<meta property=\"og:type\" content=\"article\" \/>\n<meta property=\"og:title\" content=\"Healthy Childbirth and Infancy - Richmond City Health Department\" \/>\n<meta property=\"og:description\" content=\"HEALTHY CHILDBIRTH AND INFANCY | MATERNITY NAVIGATION\" \/>\n<meta property=\"og:url\" content=\"https:\/\/www.vdh.virginia.gov\/richmond-city\/healthy-childbirth-and-infancy\/\" \/>\n<meta property=\"og:site_name\" content=\"Richmond City Health Department\" \/>\n<meta property=\"article:modified_time\" content=\"2026-02-25T16:01:31+00:00\" \/>\n<meta name=\"twitter:card\" content=\"summary_large_image\" \/>\n<meta name=\"twitter:label1\" content=\"Est. reading time\" \/>\n\t<meta name=\"twitter:data1\" content=\"3 minutes\" \/>\n<script type=\"application\/ld+json\" class=\"yoast-schema-graph\">{\"@context\":\"https:\\\/\\\/schema.org\",\"@graph\":[{\"@type\":\"WebPage\",\"@id\":\"https:\\\/\\\/www.vdh.virginia.gov\\\/richmond-city\\\/healthy-childbirth-and-infancy\\\/\",\"url\":\"https:\\\/\\\/www.vdh.virginia.gov\\\/richmond-city\\\/healthy-childbirth-and-infancy\\\/\",\"name\":\"Healthy Childbirth and Infancy - Richmond City Health Department\",\"isPartOf\":{\"@id\":\"https:\\\/\\\/www.vdh.virginia.gov\\\/richmond-city\\\/#website\"},\"datePublished\":\"2016-10-28T17:39:22+00:00\",\"dateModified\":\"2026-02-25T16:01:31+00:00\",\"breadcrumb\":{\"@id\":\"https:\\\/\\\/www.vdh.virginia.gov\\\/richmond-city\\\/healthy-childbirth-and-infancy\\\/#breadcrumb\"},\"inLanguage\":\"en-US\",\"potentialAction\":[{\"@type\":\"ReadAction\",\"target\":[\"https:\\\/\\\/www.vdh.virginia.gov\\\/richmond-city\\\/healthy-childbirth-and-infancy\\\/\"]}]},{\"@type\":\"BreadcrumbList\",\"@id\":\"https:\\\/\\\/www.vdh.virginia.gov\\\/richmond-city\\\/healthy-childbirth-and-infancy\\\/#breadcrumb\",\"itemListElement\":[{\"@type\":\"ListItem\",\"position\":1,\"name\":\"Home\",\"item\":\"https:\\\/\\\/www.vdh.virginia.gov\\\/richmond-city\\\/\"},{\"@type\":\"ListItem\",\"position\":2,\"name\":\"Healthy Childbirth and Infancy\"}]},{\"@type\":\"WebSite\",\"@id\":\"https:\\\/\\\/www.vdh.virginia.gov\\\/richmond-city\\\/#website\",\"url\":\"https:\\\/\\\/www.vdh.virginia.gov\\\/richmond-city\\\/\",\"name\":\"Richmond City Health Department\",\"description\":\"\",\"potentialAction\":[{\"@type\":\"SearchAction\",\"target\":{\"@type\":\"EntryPoint\",\"urlTemplate\":\"https:\\\/\\\/www.vdh.virginia.gov\\\/richmond-city\\\/?s={search_term_string}\"},\"query-input\":{\"@type\":\"PropertyValueSpecification\",\"valueRequired\":true,\"valueName\":\"search_term_string\"}}],\"inLanguage\":\"en-US\"}]}<\/script>\n<!-- \/ Yoast SEO plugin. -->","yoast_head_json":{"title":"Healthy Childbirth and Infancy - Richmond City Health Department","robots":{"index":"index","follow":"follow","max-snippet":"max-snippet:-1","max-image-preview":"max-image-preview:large","max-video-preview":"max-video-preview:-1"},"canonical":"https:\/\/www.vdh.virginia.gov\/richmond-city\/healthy-childbirth-and-infancy\/","og_locale":"en_US","og_type":"article","og_title":"Healthy Childbirth and Infancy - Richmond City Health Department","og_description":"HEALTHY CHILDBIRTH AND INFANCY | MATERNITY NAVIGATION","og_url":"https:\/\/www.vdh.virginia.gov\/richmond-city\/healthy-childbirth-and-infancy\/","og_site_name":"Richmond City Health Department","article_modified_time":"2026-02-25T16:01:31+00:00","twitter_card":"summary_large_image","twitter_misc":{"Est. reading time":"3 minutes"},"schema":{"@context":"https:\/\/schema.org","@graph":[{"@type":"WebPage","@id":"https:\/\/www.vdh.virginia.gov\/richmond-city\/healthy-childbirth-and-infancy\/","url":"https:\/\/www.vdh.virginia.gov\/richmond-city\/healthy-childbirth-and-infancy\/","name":"Healthy Childbirth and Infancy - Richmond City Health Department","isPartOf":{"@id":"https:\/\/www.vdh.virginia.gov\/richmond-city\/#website"},"datePublished":"2016-10-28T17:39:22+00:00","dateModified":"2026-02-25T16:01:31+00:00","breadcrumb":{"@id":"https:\/\/www.vdh.virginia.gov\/richmond-city\/healthy-childbirth-and-infancy\/#breadcrumb"},"inLanguage":"en-US","potentialAction":[{"@type":"ReadAction","target":["https:\/\/www.vdh.virginia.gov\/richmond-city\/healthy-childbirth-and-infancy\/"]}]},{"@type":"BreadcrumbList","@id":"https:\/\/www.vdh.virginia.gov\/richmond-city\/healthy-childbirth-and-infancy\/#breadcrumb","itemListElement":[{"@type":"ListItem","position":1,"name":"Home","item":"https:\/\/www.vdh.virginia.gov\/richmond-city\/"},{"@type":"ListItem","position":2,"name":"Healthy Childbirth and Infancy"}]},{"@type":"WebSite","@id":"https:\/\/www.vdh.virginia.gov\/richmond-city\/#website","url":"https:\/\/www.vdh.virginia.gov\/richmond-city\/","name":"Richmond City Health Department","description":"","potentialAction":[{"@type":"SearchAction","target":{"@type":"EntryPoint","urlTemplate":"https:\/\/www.vdh.virginia.gov\/richmond-city\/?s={search_term_string}"},"query-input":{"@type":"PropertyValueSpecification","valueRequired":true,"valueName":"search_term_string"}}],"inLanguage":"en-US"}]}},"_links":{"self":[{"href":"https:\/\/www.vdh.virginia.gov\/richmond-city\/wp-json\/wp\/v2\/pages\/24","targetHints":{"allow":["GET"]}}],"collection":[{"href":"https:\/\/www.vdh.virginia.gov\/richmond-city\/wp-json\/wp\/v2\/pages"}],"about":[{"href":"https:\/\/www.vdh.virginia.gov\/richmond-city\/wp-json\/wp\/v2\/types\/page"}],"author":[{"embeddable":true,"href":"https:\/\/www.vdh.virginia.gov\/richmond-city\/wp-json\/wp\/v2\/users\/590"}],"replies":[{"embeddable":true,"href":"https:\/\/www.vdh.virginia.gov\/richmond-city\/wp-json\/wp\/v2\/comments?post=24"}],"version-history":[{"count":22,"href":"https:\/\/www.vdh.virginia.gov\/richmond-city\/wp-json\/wp\/v2\/pages\/24\/revisions"}],"predecessor-version":[{"id":23624,"href":"https:\/\/www.vdh.virginia.gov\/richmond-city\/wp-json\/wp\/v2\/pages\/24\/revisions\/23624"}],"wp:attachment":[{"href":"https:\/\/www.vdh.virginia.gov\/richmond-city\/wp-json\/wp\/v2\/media?parent=24"}],"wp:term":[{"taxonomy":"post_tag","embeddable":true,"href":"https:\/\/www.vdh.virginia.gov\/richmond-city\/wp-json\/wp\/v2\/tags?post=24"}],"curies":[{"name":"wp","href":"https:\/\/api.w.org\/{rel}","templated":true}]}}