{"id":18047,"date":"2023-06-06T11:18:15","date_gmt":"2023-06-06T15:18:15","guid":{"rendered":"https:\/\/www.vdh.virginia.gov\/richmond-city\/?page_id=18047"},"modified":"2023-06-06T11:19:29","modified_gmt":"2023-06-06T15:19:29","slug":"covid-19-en-espanol","status":"publish","type":"page","link":"https:\/\/www.vdh.virginia.gov\/richmond-city\/covid-19-en-espanol\/","title":{"rendered":"COVID-19 en espa\u00f1ol"},"content":{"rendered":"<h2><a href=\"https:\/\/www.vdh.virginia.gov\/richmond-city\/preinscripcion-de-la-vacuna\/\">\u00bfC\u00f3mo obtengo la vacuna?<\/a><\/h2>\n<h2><\/h2>\n<h2><a href=\"https:\/\/www.vdh.virginia.gov\/richmond-city\/sitios-pruebas-covid-19\/\">D\u00f3nde obtener pruebas COVID-19 en Richmond y Henrico<\/a><\/h2>\n<h2><\/h2>\n<h2><a href=\"https:\/\/www.vdh.virginia.gov\/richmond-city\/noticias-mas-recientes\/\">Recursos sobre vacunaci\u00f3n contra COVID-19<\/a><\/h2>\n","protected":false},"excerpt":{"rendered":"<p>\u00bfC\u00f3mo obtengo la vacuna? D\u00f3nde obtener pruebas COVID-19 en Richmond y Henrico Recursos sobre vacunaci\u00f3n contra COVID-19<\/p>\n","protected":false},"author":383,"featured_media":0,"parent":0,"menu_order":0,"comment_status":"closed","ping_status":"closed","template":"","meta":{"_lmt_disableupdate":"","_lmt_disable":"","footnotes":""},"tags":[],"class_list":["post-18047","page","type-page","status-publish","hentry"],"yoast_head":"<!-- This site is optimized with the Yoast SEO plugin v27.3 - https:\/\/yoast.com\/product\/yoast-seo-wordpress\/ -->\n<title>COVID-19 en espa\u00f1ol - Richmond City Health Department<\/title>\n<meta name=\"robots\" content=\"index, follow, max-snippet:-1, max-image-preview:large, max-video-preview:-1\" \/>\n<link rel=\"canonical\" href=\"https:\/\/www.vdh.virginia.gov\/richmond-city\/covid-19-en-espanol\/\" \/>\n<meta property=\"og:locale\" content=\"en_US\" \/>\n<meta property=\"og:type\" content=\"article\" \/>\n<meta property=\"og:title\" content=\"COVID-19 en espa\u00f1ol - Richmond City Health Department\" \/>\n<meta property=\"og:description\" content=\"\u00bfC\u00f3mo obtengo la vacuna? D\u00f3nde obtener pruebas COVID-19 en Richmond y Henrico Recursos sobre vacunaci\u00f3n contra COVID-19\" \/>\n<meta property=\"og:url\" content=\"https:\/\/www.vdh.virginia.gov\/richmond-city\/covid-19-en-espanol\/\" \/>\n<meta property=\"og:site_name\" content=\"Richmond City Health Department\" \/>\n<meta property=\"article:modified_time\" content=\"2023-06-06T15:19:29+00:00\" \/>\n<meta name=\"twitter:card\" content=\"summary_large_image\" \/>\n<meta name=\"twitter:label1\" content=\"Est. reading time\" \/>\n\t<meta name=\"twitter:data1\" content=\"1 minute\" \/>\n<script type=\"application\/ld+json\" class=\"yoast-schema-graph\">{\"@context\":\"https:\\\/\\\/schema.org\",\"@graph\":[{\"@type\":\"WebPage\",\"@id\":\"https:\\\/\\\/www.vdh.virginia.gov\\\/richmond-city\\\/covid-19-en-espanol\\\/\",\"url\":\"https:\\\/\\\/www.vdh.virginia.gov\\\/richmond-city\\\/covid-19-en-espanol\\\/\",\"name\":\"COVID-19 en espa\u00f1ol - Richmond City Health Department\",\"isPartOf\":{\"@id\":\"https:\\\/\\\/www.vdh.virginia.gov\\\/richmond-city\\\/#website\"},\"datePublished\":\"2023-06-06T15:18:15+00:00\",\"dateModified\":\"2023-06-06T15:19:29+00:00\",\"breadcrumb\":{\"@id\":\"https:\\\/\\\/www.vdh.virginia.gov\\\/richmond-city\\\/covid-19-en-espanol\\\/#breadcrumb\"},\"inLanguage\":\"en-US\",\"potentialAction\":[{\"@type\":\"ReadAction\",\"target\":[\"https:\\\/\\\/www.vdh.virginia.gov\\\/richmond-city\\\/covid-19-en-espanol\\\/\"]}]},{\"@type\":\"BreadcrumbList\",\"@id\":\"https:\\\/\\\/www.vdh.virginia.gov\\\/richmond-city\\\/covid-19-en-espanol\\\/#breadcrumb\",\"itemListElement\":[{\"@type\":\"ListItem\",\"position\":1,\"name\":\"Home\",\"item\":\"https:\\\/\\\/www.vdh.virginia.gov\\\/richmond-city\\\/\"},{\"@type\":\"ListItem\",\"position\":2,\"name\":\"COVID-19 en espa\u00f1ol\"}]},{\"@type\":\"WebSite\",\"@id\":\"https:\\\/\\\/www.vdh.virginia.gov\\\/richmond-city\\\/#website\",\"url\":\"https:\\\/\\\/www.vdh.virginia.gov\\\/richmond-city\\\/\",\"name\":\"Richmond City Health Department\",\"description\":\"\",\"potentialAction\":[{\"@type\":\"SearchAction\",\"target\":{\"@type\":\"EntryPoint\",\"urlTemplate\":\"https:\\\/\\\/www.vdh.virginia.gov\\\/richmond-city\\\/?s={search_term_string}\"},\"query-input\":{\"@type\":\"PropertyValueSpecification\",\"valueRequired\":true,\"valueName\":\"search_term_string\"}}],\"inLanguage\":\"en-US\"}]}<\/script>\n<!-- \/ Yoast SEO plugin. -->","yoast_head_json":{"title":"COVID-19 en espa\u00f1ol - Richmond City Health Department","robots":{"index":"index","follow":"follow","max-snippet":"max-snippet:-1","max-image-preview":"max-image-preview:large","max-video-preview":"max-video-preview:-1"},"canonical":"https:\/\/www.vdh.virginia.gov\/richmond-city\/covid-19-en-espanol\/","og_locale":"en_US","og_type":"article","og_title":"COVID-19 en espa\u00f1ol - Richmond City Health Department","og_description":"\u00bfC\u00f3mo obtengo la vacuna? D\u00f3nde obtener pruebas COVID-19 en Richmond y Henrico Recursos sobre vacunaci\u00f3n contra COVID-19","og_url":"https:\/\/www.vdh.virginia.gov\/richmond-city\/covid-19-en-espanol\/","og_site_name":"Richmond City Health Department","article_modified_time":"2023-06-06T15:19:29+00:00","twitter_card":"summary_large_image","twitter_misc":{"Est. reading time":"1 minute"},"schema":{"@context":"https:\/\/schema.org","@graph":[{"@type":"WebPage","@id":"https:\/\/www.vdh.virginia.gov\/richmond-city\/covid-19-en-espanol\/","url":"https:\/\/www.vdh.virginia.gov\/richmond-city\/covid-19-en-espanol\/","name":"COVID-19 en espa\u00f1ol - Richmond City Health Department","isPartOf":{"@id":"https:\/\/www.vdh.virginia.gov\/richmond-city\/#website"},"datePublished":"2023-06-06T15:18:15+00:00","dateModified":"2023-06-06T15:19:29+00:00","breadcrumb":{"@id":"https:\/\/www.vdh.virginia.gov\/richmond-city\/covid-19-en-espanol\/#breadcrumb"},"inLanguage":"en-US","potentialAction":[{"@type":"ReadAction","target":["https:\/\/www.vdh.virginia.gov\/richmond-city\/covid-19-en-espanol\/"]}]},{"@type":"BreadcrumbList","@id":"https:\/\/www.vdh.virginia.gov\/richmond-city\/covid-19-en-espanol\/#breadcrumb","itemListElement":[{"@type":"ListItem","position":1,"name":"Home","item":"https:\/\/www.vdh.virginia.gov\/richmond-city\/"},{"@type":"ListItem","position":2,"name":"COVID-19 en espa\u00f1ol"}]},{"@type":"WebSite","@id":"https:\/\/www.vdh.virginia.gov\/richmond-city\/#website","url":"https:\/\/www.vdh.virginia.gov\/richmond-city\/","name":"Richmond City Health Department","description":"","potentialAction":[{"@type":"SearchAction","target":{"@type":"EntryPoint","urlTemplate":"https:\/\/www.vdh.virginia.gov\/richmond-city\/?s={search_term_string}"},"query-input":{"@type":"PropertyValueSpecification","valueRequired":true,"valueName":"search_term_string"}}],"inLanguage":"en-US"}]}},"_links":{"self":[{"href":"https:\/\/www.vdh.virginia.gov\/richmond-city\/wp-json\/wp\/v2\/pages\/18047","targetHints":{"allow":["GET"]}}],"collection":[{"href":"https:\/\/www.vdh.virginia.gov\/richmond-city\/wp-json\/wp\/v2\/pages"}],"about":[{"href":"https:\/\/www.vdh.virginia.gov\/richmond-city\/wp-json\/wp\/v2\/types\/page"}],"author":[{"embeddable":true,"href":"https:\/\/www.vdh.virginia.gov\/richmond-city\/wp-json\/wp\/v2\/users\/383"}],"replies":[{"embeddable":true,"href":"https:\/\/www.vdh.virginia.gov\/richmond-city\/wp-json\/wp\/v2\/comments?post=18047"}],"version-history":[{"count":3,"href":"https:\/\/www.vdh.virginia.gov\/richmond-city\/wp-json\/wp\/v2\/pages\/18047\/revisions"}],"predecessor-version":[{"id":18050,"href":"https:\/\/www.vdh.virginia.gov\/richmond-city\/wp-json\/wp\/v2\/pages\/18047\/revisions\/18050"}],"wp:attachment":[{"href":"https:\/\/www.vdh.virginia.gov\/richmond-city\/wp-json\/wp\/v2\/media?parent=18047"}],"wp:term":[{"taxonomy":"post_tag","embeddable":true,"href":"https:\/\/www.vdh.virginia.gov\/richmond-city\/wp-json\/wp\/v2\/tags?post=18047"}],"curies":[{"name":"wp","href":"https:\/\/api.w.org\/{rel}","templated":true}]}}