{"id":15993,"date":"2022-07-01T10:56:48","date_gmt":"2022-07-01T14:56:48","guid":{"rendered":"https:\/\/www.vdh.virginia.gov\/richmond-city\/?page_id=15993"},"modified":"2026-02-24T14:32:17","modified_gmt":"2026-02-24T19:32:17","slug":"mpox","status":"publish","type":"page","link":"https:\/\/www.vdh.virginia.gov\/richmond-city\/mpox\/","title":{"rendered":"mpox"},"content":{"rendered":"<div id=\"pl-15993\"  class=\"panel-layout\" ><div id=\"pg-15993-0\"  class=\"panel-grid panel-has-style\" ><div class=\"panel-row-style panel-row-style-for-15993-0\" ><div id=\"pgc-15993-0-0\"  class=\"panel-grid-cell\" ><div id=\"panel-15993-0-0-0\" class=\"so-panel widget widget_sow-editor panel-first-child panel-last-child\" data-index=\"0\" ><div class=\"panel-widget-style panel-widget-style-for-15993-0-0-0\" ><div\n\t\t\t\n\t\t\tclass=\"so-widget-sow-editor so-widget-sow-editor-base\"\n\t\t\t\n\t\t>\n<div class=\"siteorigin-widget-tinymce textwidget\">\n\t<p>Mpox is a virus that causes lesions and rash among other symptoms\u2014it can be pretty painful and disruptive, but is typically not fatal. We already have a vaccine and therapeutics that can help prevent and treat mpox. Most, but not all, cases of mpox associated with the current 2022 outbreak have been identified in gay, bisexual, or men who have sex with men (MSM).<\/p>\n<p><span style=\"font-size: 12pt;\"><span style=\"font-weight: 400;\">The risk to the general public is considered low at this time, but anyone, regardless of gender identity or sexual orientation, can get mpox if they have close contact with someone infected with the virus.<\/span><\/span><\/p>\n<h2><span style=\"color: #00a6a6;\"><b>If you are at risk\u2026<\/b><\/span><\/h2>\n<p><span style=\"font-weight: 400;\">Richmond and Henrico Health Districts are offering mpox vaccinations to individuals who live, work, or spend time in Richmond and Henrico and are at higher risk of exposure or serious illness.<\/span><\/p>\n<p>RHHD offers the mpox vaccine (JYNNEOS) at vaccination clinics. Please call 804-205-3500 to make an appointment.<\/p>\n<\/div>\n<\/div><\/div><\/div><\/div><div id=\"pgc-15993-0-1\"  class=\"panel-grid-cell\" ><div id=\"panel-15993-0-1-0\" class=\"so-panel widget widget_sow-button panel-first-child panel-last-child\" data-index=\"1\" ><div class=\"panel-widget-style panel-widget-style-for-15993-0-1-0\" ><div\n\t\t\t\n\t\t\tclass=\"so-widget-sow-button so-widget-sow-button-atom-3e199f9ae70f-15993\"\n\t\t\t\n\t\t><div class=\"ow-button-base ow-button-align-center\"\n>\n\t\t\t<a\n\t\t\t\t\thref=\"https:\/\/www.vdh.virginia.gov\/richmond-city\/viruela-mpox\/\"\n\t\t\t\t\tclass=\"sowb-button ow-icon-placement-bottom ow-button-hover\" \t>\n\t\t<span>\n\t\t\t\n\t\t\tPara obtener informaci\u00f3n sobre la viruela mpox en espa\u00f1ol, haga clic aqu\u00ed\t\t<\/span>\n\t\t\t<\/a>\n\t<\/div>\n<\/div><\/div><\/div><\/div><\/div><\/div><div id=\"pg-15993-1\"  class=\"panel-grid panel-has-style\" ><div class=\"panel-row-style panel-row-style-for-15993-1\" ><div id=\"pgc-15993-1-0\"  class=\"panel-grid-cell panel-grid-cell-mobile-last\" ><div id=\"panel-15993-1-0-0\" class=\"so-panel widget widget_sow-editor panel-first-child panel-last-child\" data-index=\"2\" ><div class=\"panel-widget-style panel-widget-style-for-15993-1-0-0\" ><div\n\t\t\t\n\t\t\tclass=\"so-widget-sow-editor so-widget-sow-editor-base\"\n\t\t\t\n\t\t>\n<div class=\"siteorigin-widget-tinymce textwidget\">\n\t<h2><span style=\"color: #00a6a6;\"><b>If you think you may have mpox or may have been exposed to mpox\u2026<\/b><\/span><\/h2>\n<p><span style=\"font-weight: 400;\">If you think you may have mpox or may have been exposed to someone with mpox, isolate yourself from others (and pets) and call your doctor or our Contact Center for next steps: 804-205-3500. If you cannot completely separate yourself from others, you should wear a well-fitting mask and cover areas where rash or sores are present.<\/span><\/p>\n<p><a href=\"https:\/\/www.vdh.virginia.gov\/disease-prevention\/mpox\/\"><span data-olk-copy-source=\"MessageBody\">Please visit the VDH mpox page for more information and FAQs.<\/span><\/a><\/p>\n<\/div>\n<\/div><\/div><\/div><\/div><div id=\"pgc-15993-1-1\"  class=\"panel-grid-cell panel-grid-cell-empty\" ><\/div><\/div><\/div><div id=\"pg-15993-2\"  class=\"panel-grid panel-has-style\" ><div class=\"siteorigin-panels-stretch panel-row-style panel-row-style-for-15993-2\" data-stretch-type=\"full\" ><div id=\"pgc-15993-2-0\"  class=\"panel-grid-cell\" ><div id=\"panel-15993-2-0-0\" class=\"so-panel widget widget_sow-editor panel-first-child panel-last-child\" data-index=\"3\" ><div class=\"panel-widget-style panel-widget-style-for-15993-2-0-0\" ><div\n\t\t\t\n\t\t\tclass=\"so-widget-sow-editor so-widget-sow-editor-base\"\n\t\t\t\n\t\t>\n<div class=\"siteorigin-widget-tinymce textwidget\">\n\t<a href=\"https:\/\/www.vdh.virginia.gov\/content\/uploads\/sites\/119\/2023\/12\/MPX-test-Now-what-updated-dec-5.pdf\" class=\"pdfemb-viewer\" style=\"\" data-width=\"max\" data-height=\"max\" data-toolbar=\"bottom\" data-toolbar-fixed=\"off\">MPX-test-Now-what-updated-dec-5<\/a>\n<\/div>\n<\/div><\/div><\/div><\/div><div id=\"pgc-15993-2-1\"  class=\"panel-grid-cell\" ><div id=\"panel-15993-2-1-0\" class=\"so-panel widget widget_sow-editor panel-first-child panel-last-child\" data-index=\"4\" ><div class=\"panel-widget-style panel-widget-style-for-15993-2-1-0\" ><div\n\t\t\t\n\t\t\tclass=\"so-widget-sow-editor so-widget-sow-editor-base\"\n\t\t\t\n\t\t>\n<div class=\"siteorigin-widget-tinymce textwidget\">\n\t<a href=\"https:\/\/www.vdh.virginia.gov\/content\/uploads\/sites\/119\/2024\/03\/Mpox-flyer-Updated-march25-FINAL.pdf\" class=\"pdfemb-viewer\" style=\"\" data-width=\"max\" data-height=\"max\" data-toolbar=\"bottom\" data-toolbar-fixed=\"off\">Mpox-flyer-Updated-march25 FINAL<\/a>\n<\/div>\n<\/div><\/div><\/div><\/div><\/div><\/div><\/div>","protected":false},"excerpt":{"rendered":"<p>Mpox is a virus that causes lesions and rash among other symptoms\u2014it can be pretty painful and disruptive, but is typically not fatal. We already have a vaccine and therapeutics [&hellip;]<\/p>\n","protected":false},"author":590,"featured_media":0,"parent":0,"menu_order":0,"comment_status":"closed","ping_status":"closed","template":"","meta":{"_lmt_disableupdate":"no","_lmt_disable":"","footnotes":""},"tags":[],"class_list":["post-15993","page","type-page","status-publish","hentry"],"yoast_head":"<!-- This site is optimized with the Yoast SEO plugin v27.3 - https:\/\/yoast.com\/product\/yoast-seo-wordpress\/ -->\n<title>mpox - Richmond City Health Department<\/title>\n<meta name=\"robots\" content=\"index, follow, max-snippet:-1, max-image-preview:large, max-video-preview:-1\" \/>\n<link rel=\"canonical\" href=\"https:\/\/www.vdh.virginia.gov\/richmond-city\/mpox\/\" \/>\n<meta property=\"og:locale\" content=\"en_US\" \/>\n<meta property=\"og:type\" content=\"article\" \/>\n<meta property=\"og:title\" content=\"mpox - Richmond City Health Department\" \/>\n<meta property=\"og:description\" content=\"Mpox is a virus that causes lesions and rash among other symptoms\u2014it can be pretty painful and disruptive, but is typically not fatal. We already have a vaccine and therapeutics [&hellip;]\" \/>\n<meta property=\"og:url\" content=\"https:\/\/www.vdh.virginia.gov\/richmond-city\/mpox\/\" \/>\n<meta property=\"og:site_name\" content=\"Richmond City Health Department\" \/>\n<meta property=\"article:modified_time\" content=\"2026-02-24T19:32:17+00:00\" \/>\n<meta name=\"twitter:card\" content=\"summary_large_image\" \/>\n<meta name=\"twitter:label1\" content=\"Est. reading time\" \/>\n\t<meta name=\"twitter:data1\" content=\"2 minutes\" \/>\n<script type=\"application\/ld+json\" class=\"yoast-schema-graph\">{\"@context\":\"https:\\\/\\\/schema.org\",\"@graph\":[{\"@type\":\"WebPage\",\"@id\":\"https:\\\/\\\/www.vdh.virginia.gov\\\/richmond-city\\\/mpox\\\/\",\"url\":\"https:\\\/\\\/www.vdh.virginia.gov\\\/richmond-city\\\/mpox\\\/\",\"name\":\"mpox - Richmond City Health Department\",\"isPartOf\":{\"@id\":\"https:\\\/\\\/www.vdh.virginia.gov\\\/richmond-city\\\/#website\"},\"datePublished\":\"2022-07-01T14:56:48+00:00\",\"dateModified\":\"2026-02-24T19:32:17+00:00\",\"breadcrumb\":{\"@id\":\"https:\\\/\\\/www.vdh.virginia.gov\\\/richmond-city\\\/mpox\\\/#breadcrumb\"},\"inLanguage\":\"en-US\",\"potentialAction\":[{\"@type\":\"ReadAction\",\"target\":[\"https:\\\/\\\/www.vdh.virginia.gov\\\/richmond-city\\\/mpox\\\/\"]}]},{\"@type\":\"BreadcrumbList\",\"@id\":\"https:\\\/\\\/www.vdh.virginia.gov\\\/richmond-city\\\/mpox\\\/#breadcrumb\",\"itemListElement\":[{\"@type\":\"ListItem\",\"position\":1,\"name\":\"Home\",\"item\":\"https:\\\/\\\/www.vdh.virginia.gov\\\/richmond-city\\\/\"},{\"@type\":\"ListItem\",\"position\":2,\"name\":\"mpox\"}]},{\"@type\":\"WebSite\",\"@id\":\"https:\\\/\\\/www.vdh.virginia.gov\\\/richmond-city\\\/#website\",\"url\":\"https:\\\/\\\/www.vdh.virginia.gov\\\/richmond-city\\\/\",\"name\":\"Richmond City Health Department\",\"description\":\"\",\"potentialAction\":[{\"@type\":\"SearchAction\",\"target\":{\"@type\":\"EntryPoint\",\"urlTemplate\":\"https:\\\/\\\/www.vdh.virginia.gov\\\/richmond-city\\\/?s={search_term_string}\"},\"query-input\":{\"@type\":\"PropertyValueSpecification\",\"valueRequired\":true,\"valueName\":\"search_term_string\"}}],\"inLanguage\":\"en-US\"}]}<\/script>\n<!-- \/ Yoast SEO plugin. -->","yoast_head_json":{"title":"mpox - Richmond City Health Department","robots":{"index":"index","follow":"follow","max-snippet":"max-snippet:-1","max-image-preview":"max-image-preview:large","max-video-preview":"max-video-preview:-1"},"canonical":"https:\/\/www.vdh.virginia.gov\/richmond-city\/mpox\/","og_locale":"en_US","og_type":"article","og_title":"mpox - Richmond City Health Department","og_description":"Mpox is a virus that causes lesions and rash among other symptoms\u2014it can be pretty painful and disruptive, but is typically not fatal. We already have a vaccine and therapeutics [&hellip;]","og_url":"https:\/\/www.vdh.virginia.gov\/richmond-city\/mpox\/","og_site_name":"Richmond City Health Department","article_modified_time":"2026-02-24T19:32:17+00:00","twitter_card":"summary_large_image","twitter_misc":{"Est. reading time":"2 minutes"},"schema":{"@context":"https:\/\/schema.org","@graph":[{"@type":"WebPage","@id":"https:\/\/www.vdh.virginia.gov\/richmond-city\/mpox\/","url":"https:\/\/www.vdh.virginia.gov\/richmond-city\/mpox\/","name":"mpox - Richmond City Health Department","isPartOf":{"@id":"https:\/\/www.vdh.virginia.gov\/richmond-city\/#website"},"datePublished":"2022-07-01T14:56:48+00:00","dateModified":"2026-02-24T19:32:17+00:00","breadcrumb":{"@id":"https:\/\/www.vdh.virginia.gov\/richmond-city\/mpox\/#breadcrumb"},"inLanguage":"en-US","potentialAction":[{"@type":"ReadAction","target":["https:\/\/www.vdh.virginia.gov\/richmond-city\/mpox\/"]}]},{"@type":"BreadcrumbList","@id":"https:\/\/www.vdh.virginia.gov\/richmond-city\/mpox\/#breadcrumb","itemListElement":[{"@type":"ListItem","position":1,"name":"Home","item":"https:\/\/www.vdh.virginia.gov\/richmond-city\/"},{"@type":"ListItem","position":2,"name":"mpox"}]},{"@type":"WebSite","@id":"https:\/\/www.vdh.virginia.gov\/richmond-city\/#website","url":"https:\/\/www.vdh.virginia.gov\/richmond-city\/","name":"Richmond City Health Department","description":"","potentialAction":[{"@type":"SearchAction","target":{"@type":"EntryPoint","urlTemplate":"https:\/\/www.vdh.virginia.gov\/richmond-city\/?s={search_term_string}"},"query-input":{"@type":"PropertyValueSpecification","valueRequired":true,"valueName":"search_term_string"}}],"inLanguage":"en-US"}]}},"_links":{"self":[{"href":"https:\/\/www.vdh.virginia.gov\/richmond-city\/wp-json\/wp\/v2\/pages\/15993","targetHints":{"allow":["GET"]}}],"collection":[{"href":"https:\/\/www.vdh.virginia.gov\/richmond-city\/wp-json\/wp\/v2\/pages"}],"about":[{"href":"https:\/\/www.vdh.virginia.gov\/richmond-city\/wp-json\/wp\/v2\/types\/page"}],"author":[{"embeddable":true,"href":"https:\/\/www.vdh.virginia.gov\/richmond-city\/wp-json\/wp\/v2\/users\/590"}],"replies":[{"embeddable":true,"href":"https:\/\/www.vdh.virginia.gov\/richmond-city\/wp-json\/wp\/v2\/comments?post=15993"}],"version-history":[{"count":20,"href":"https:\/\/www.vdh.virginia.gov\/richmond-city\/wp-json\/wp\/v2\/pages\/15993\/revisions"}],"predecessor-version":[{"id":23592,"href":"https:\/\/www.vdh.virginia.gov\/richmond-city\/wp-json\/wp\/v2\/pages\/15993\/revisions\/23592"}],"wp:attachment":[{"href":"https:\/\/www.vdh.virginia.gov\/richmond-city\/wp-json\/wp\/v2\/media?parent=15993"}],"wp:term":[{"taxonomy":"post_tag","embeddable":true,"href":"https:\/\/www.vdh.virginia.gov\/richmond-city\/wp-json\/wp\/v2\/tags?post=15993"}],"curies":[{"name":"wp","href":"https:\/\/api.w.org\/{rel}","templated":true}]}}