{"id":11797,"date":"2021-03-22T13:29:13","date_gmt":"2021-03-22T17:29:13","guid":{"rendered":"https:\/\/www.vdh.virginia.gov\/richmond-city\/?page_id=11797"},"modified":"2026-02-25T09:17:41","modified_gmt":"2026-02-25T14:17:41","slug":"preinscripcion-de-la-vacuna","status":"publish","type":"page","link":"https:\/\/www.vdh.virginia.gov\/richmond-city\/preinscripcion-de-la-vacuna\/","title":{"rendered":"\u00bfC\u00f3mo obtengo la vacuna?"},"content":{"rendered":"<div id=\"pl-11797\"  class=\"panel-layout\" ><div id=\"pg-11797-0\"  class=\"panel-grid panel-has-style\" ><div class=\"panel-row-style panel-row-style-for-11797-0\" ><div id=\"pgc-11797-0-0\"  class=\"panel-grid-cell\" ><div id=\"panel-11797-0-0-0\" class=\"so-panel widget widget_sow-editor panel-first-child panel-last-child\" data-index=\"0\" ><div\n\t\t\t\n\t\t\tclass=\"so-widget-sow-editor so-widget-sow-editor-base\"\n\t\t\t\n\t\t>\n<div class=\"siteorigin-widget-tinymce textwidget\">\n\t<p>Ofreceremos vacunas contra Covid durante las cl\u00ednicas de vacunaci\u00f3n. Llame a nuestro centro de contacto para obtener m\u00e1s informaci\u00f3n y programar una cita: 804-205-3500.<\/p>\n<\/div>\n<\/div><\/div><\/div><\/div><\/div><div id=\"pg-11797-1\"  class=\"panel-grid panel-has-style\" ><div class=\"panel-row-style panel-row-style-for-11797-1\" ><div id=\"pgc-11797-1-0\"  class=\"panel-grid-cell panel-grid-cell-empty panel-grid-cell-mobile-last\" ><\/div><div id=\"pgc-11797-1-1\"  class=\"panel-grid-cell panel-grid-cell-empty\" ><div class=\"panel-cell-style panel-cell-style-for-11797-1-1\" ><\/div><\/div><\/div><\/div><div id=\"pg-11797-2\"  class=\"panel-grid panel-has-style\" ><div class=\"panel-row-style panel-row-style-for-11797-2\" ><div id=\"pgc-11797-2-0\"  class=\"panel-grid-cell\" ><div id=\"panel-11797-2-0-0\" class=\"so-panel widget widget_sow-editor panel-first-child panel-last-child\" data-index=\"1\" ><div class=\"panel-widget-style panel-widget-style-for-11797-2-0-0\" ><div\n\t\t\t\n\t\t\tclass=\"so-widget-sow-editor so-widget-sow-editor-base\"\n\t\t\t\n\t\t>\n<div class=\"siteorigin-widget-tinymce textwidget\">\n\t<h1>Informaci\u00f3n de contacto de vacunas para distritos sanitarios cercanos<\/h1>\n<\/div>\n<\/div><\/div><\/div><\/div><\/div><\/div><div id=\"pg-11797-3\"  class=\"panel-grid panel-has-style\" ><div class=\"panel-row-style panel-row-style-for-11797-3\" ><div id=\"pgc-11797-3-0\"  class=\"panel-grid-cell\" ><div id=\"panel-11797-3-0-0\" class=\"so-panel widget widget_sow-editor panel-first-child panel-last-child\" data-index=\"2\" ><div\n\t\t\t\n\t\t\tclass=\"so-widget-sow-editor so-widget-sow-editor-base\"\n\t\t\t\n\t\t>\n<div class=\"siteorigin-widget-tinymce textwidget\">\n\t<p>Aqu\u00ed est\u00e1 la informaci\u00f3n de contacto de cada uno de los distritos de salud circundantes. Los centros de llamadas tendr\u00e1n la informaci\u00f3n m\u00e1s actualizada sobre el proceso de vacunaci\u00f3n de su distrito, pero es posible que tengan problemas para atender llamadas, ya que hay un gran volumen de llamadas en este momento. Tambi\u00e9n habr\u00e1 un retraso en las respuestas a estas consultas, ya que miles de personas contin\u00faan envi\u00e1ndolas, pero estamos trabajando arduamente para llegar a todos y nos comunicaremos con cualquiera que complete la encuesta en alg\u00fan momento.<\/p>\n<\/div>\n<\/div><\/div><\/div><\/div><\/div><div id=\"pg-11797-4\"  class=\"panel-grid panel-has-style\" ><div class=\"panel-row-style panel-row-style-for-11797-4\" ><div id=\"pgc-11797-4-0\"  class=\"panel-grid-cell\" ><div id=\"panel-11797-4-0-0\" class=\"so-panel widget widget_sow-editor panel-first-child panel-last-child\" data-index=\"3\" ><div class=\"panel-widget-style panel-widget-style-for-11797-4-0-0\" ><div\n\t\t\t\n\t\t\tclass=\"so-widget-sow-editor so-widget-sow-editor-base\"\n\t\t\t\n\t\t>\n<div class=\"siteorigin-widget-tinymce textwidget\">\n\t<p><b>Chesterfield <\/b>(Chesterfield, Powhatan, y Colonial Heights)<b>:\u00a0<\/b><\/p>\n<p>Tel: 804-318-8207<br \/>\n<span style=\"font-weight: 400;\">Correo electr\u00f3nico<\/span>: <span style=\"font-size: 14pt;\"><a href=\"mailto:Chesterfield_Covid@vdh.virginia.gov\">Chesterfield_Covid@vdh.virginia.gov<\/a><\/span><\/p>\n<\/div>\n<\/div><\/div><\/div><\/div><div id=\"pgc-11797-4-1\"  class=\"panel-grid-cell\" ><div id=\"panel-11797-4-1-0\" class=\"so-panel widget widget_sow-editor panel-first-child panel-last-child\" data-index=\"4\" ><div class=\"panel-widget-style panel-widget-style-for-11797-4-1-0\" ><div\n\t\t\t\n\t\t\tclass=\"so-widget-sow-editor so-widget-sow-editor-base\"\n\t\t\t\n\t\t>\n<div class=\"siteorigin-widget-tinymce textwidget\">\n\t<p><b>Chickahominy Health District <\/b>(Goochland, New Kent, Hanover, y Charles City):<\/p>\n<p>Tel: 804-365-3240<br \/>\n<span style=\"font-weight: 400;\">Correo electr\u00f3nico<\/span>: <span style=\"font-size: 14pt;\"><a href=\"mailto:chdvaccine@vdh.virginia.gov\" target=\"_blank\" rel=\"noopener\">chdvaccine@vdh.virginia.gov<\/a><\/span><\/p>\n<\/div>\n<\/div><\/div><\/div><\/div><div id=\"pgc-11797-4-2\"  class=\"panel-grid-cell\" ><div id=\"panel-11797-4-2-0\" class=\"so-panel widget widget_sow-editor panel-first-child panel-last-child\" data-index=\"5\" ><div class=\"panel-widget-style panel-widget-style-for-11797-4-2-0\" ><div\n\t\t\t\n\t\t\tclass=\"so-widget-sow-editor so-widget-sow-editor-base\"\n\t\t\t\n\t\t>\n<div class=\"siteorigin-widget-tinymce textwidget\">\n\t<p><b>Crater Health District<\/b> (cuidades de Emporia, Hopewell y Petersburg y los condados de Dinwiddie,\u00a0 Greensville, Prince George, Surry, y Sussex):<\/p>\n<p>Tel: 804-862-8989<br \/>\n<span style=\"font-weight: 400;\">Correo electr\u00f3nico<\/span>: <span style=\"font-size: 14pt;\"><a href=\"mailto:CraterCOVID19Vaccination@vdh.virginia.gov\" target=\"_blank\" rel=\"noopener\">CraterCOVID19Vaccination@vdh.virginia.gov<\/a><\/span><\/p>\n<\/div>\n<\/div><\/div><\/div><\/div><\/div><\/div><\/div>","protected":false},"excerpt":{"rendered":"<p>Ofreceremos vacunas contra Covid durante las cl\u00ednicas de vacunaci\u00f3n. Llame a nuestro centro de contacto para obtener m\u00e1s informaci\u00f3n y programar una cita: 804-205-3500.<\/p>\n","protected":false},"author":590,"featured_media":0,"parent":0,"menu_order":0,"comment_status":"closed","ping_status":"closed","template":"","meta":{"_lmt_disableupdate":"no","_lmt_disable":"","footnotes":""},"tags":[],"class_list":["post-11797","page","type-page","status-publish","hentry"],"yoast_head":"<!-- This site is optimized with the Yoast SEO plugin v27.3 - https:\/\/yoast.com\/product\/yoast-seo-wordpress\/ -->\n<title>\u00bfC\u00f3mo obtengo la vacuna? - Richmond City Health Department<\/title>\n<meta name=\"robots\" content=\"index, follow, max-snippet:-1, max-image-preview:large, max-video-preview:-1\" \/>\n<link rel=\"canonical\" href=\"https:\/\/www.vdh.virginia.gov\/richmond-city\/preinscripcion-de-la-vacuna\/\" \/>\n<meta property=\"og:locale\" content=\"en_US\" \/>\n<meta property=\"og:type\" content=\"article\" \/>\n<meta property=\"og:title\" content=\"\u00bfC\u00f3mo obtengo la vacuna? - Richmond City Health Department\" \/>\n<meta property=\"og:description\" content=\"Ofreceremos vacunas contra Covid durante las cl\u00ednicas de vacunaci\u00f3n. Llame a nuestro centro de contacto para obtener m\u00e1s informaci\u00f3n y programar una cita: 804-205-3500.\" \/>\n<meta property=\"og:url\" content=\"https:\/\/www.vdh.virginia.gov\/richmond-city\/preinscripcion-de-la-vacuna\/\" \/>\n<meta property=\"og:site_name\" content=\"Richmond City Health Department\" \/>\n<meta property=\"article:modified_time\" content=\"2026-02-25T14:17:41+00:00\" \/>\n<meta name=\"twitter:card\" content=\"summary_large_image\" \/>\n<meta name=\"twitter:label1\" content=\"Est. reading time\" \/>\n\t<meta name=\"twitter:data1\" content=\"1 minute\" \/>\n<script type=\"application\/ld+json\" class=\"yoast-schema-graph\">{\"@context\":\"https:\\\/\\\/schema.org\",\"@graph\":[{\"@type\":\"WebPage\",\"@id\":\"https:\\\/\\\/www.vdh.virginia.gov\\\/richmond-city\\\/preinscripcion-de-la-vacuna\\\/\",\"url\":\"https:\\\/\\\/www.vdh.virginia.gov\\\/richmond-city\\\/preinscripcion-de-la-vacuna\\\/\",\"name\":\"\u00bfC\u00f3mo obtengo la vacuna? - Richmond City Health Department\",\"isPartOf\":{\"@id\":\"https:\\\/\\\/www.vdh.virginia.gov\\\/richmond-city\\\/#website\"},\"datePublished\":\"2021-03-22T17:29:13+00:00\",\"dateModified\":\"2026-02-25T14:17:41+00:00\",\"breadcrumb\":{\"@id\":\"https:\\\/\\\/www.vdh.virginia.gov\\\/richmond-city\\\/preinscripcion-de-la-vacuna\\\/#breadcrumb\"},\"inLanguage\":\"en-US\",\"potentialAction\":[{\"@type\":\"ReadAction\",\"target\":[\"https:\\\/\\\/www.vdh.virginia.gov\\\/richmond-city\\\/preinscripcion-de-la-vacuna\\\/\"]}]},{\"@type\":\"BreadcrumbList\",\"@id\":\"https:\\\/\\\/www.vdh.virginia.gov\\\/richmond-city\\\/preinscripcion-de-la-vacuna\\\/#breadcrumb\",\"itemListElement\":[{\"@type\":\"ListItem\",\"position\":1,\"name\":\"Home\",\"item\":\"https:\\\/\\\/www.vdh.virginia.gov\\\/richmond-city\\\/\"},{\"@type\":\"ListItem\",\"position\":2,\"name\":\"\u00bfC\u00f3mo obtengo la vacuna?\"}]},{\"@type\":\"WebSite\",\"@id\":\"https:\\\/\\\/www.vdh.virginia.gov\\\/richmond-city\\\/#website\",\"url\":\"https:\\\/\\\/www.vdh.virginia.gov\\\/richmond-city\\\/\",\"name\":\"Richmond City Health Department\",\"description\":\"\",\"potentialAction\":[{\"@type\":\"SearchAction\",\"target\":{\"@type\":\"EntryPoint\",\"urlTemplate\":\"https:\\\/\\\/www.vdh.virginia.gov\\\/richmond-city\\\/?s={search_term_string}\"},\"query-input\":{\"@type\":\"PropertyValueSpecification\",\"valueRequired\":true,\"valueName\":\"search_term_string\"}}],\"inLanguage\":\"en-US\"}]}<\/script>\n<!-- \/ Yoast SEO plugin. -->","yoast_head_json":{"title":"\u00bfC\u00f3mo obtengo la vacuna? - Richmond City Health Department","robots":{"index":"index","follow":"follow","max-snippet":"max-snippet:-1","max-image-preview":"max-image-preview:large","max-video-preview":"max-video-preview:-1"},"canonical":"https:\/\/www.vdh.virginia.gov\/richmond-city\/preinscripcion-de-la-vacuna\/","og_locale":"en_US","og_type":"article","og_title":"\u00bfC\u00f3mo obtengo la vacuna? - Richmond City Health Department","og_description":"Ofreceremos vacunas contra Covid durante las cl\u00ednicas de vacunaci\u00f3n. Llame a nuestro centro de contacto para obtener m\u00e1s informaci\u00f3n y programar una cita: 804-205-3500.","og_url":"https:\/\/www.vdh.virginia.gov\/richmond-city\/preinscripcion-de-la-vacuna\/","og_site_name":"Richmond City Health Department","article_modified_time":"2026-02-25T14:17:41+00:00","twitter_card":"summary_large_image","twitter_misc":{"Est. reading time":"1 minute"},"schema":{"@context":"https:\/\/schema.org","@graph":[{"@type":"WebPage","@id":"https:\/\/www.vdh.virginia.gov\/richmond-city\/preinscripcion-de-la-vacuna\/","url":"https:\/\/www.vdh.virginia.gov\/richmond-city\/preinscripcion-de-la-vacuna\/","name":"\u00bfC\u00f3mo obtengo la vacuna? - Richmond City Health Department","isPartOf":{"@id":"https:\/\/www.vdh.virginia.gov\/richmond-city\/#website"},"datePublished":"2021-03-22T17:29:13+00:00","dateModified":"2026-02-25T14:17:41+00:00","breadcrumb":{"@id":"https:\/\/www.vdh.virginia.gov\/richmond-city\/preinscripcion-de-la-vacuna\/#breadcrumb"},"inLanguage":"en-US","potentialAction":[{"@type":"ReadAction","target":["https:\/\/www.vdh.virginia.gov\/richmond-city\/preinscripcion-de-la-vacuna\/"]}]},{"@type":"BreadcrumbList","@id":"https:\/\/www.vdh.virginia.gov\/richmond-city\/preinscripcion-de-la-vacuna\/#breadcrumb","itemListElement":[{"@type":"ListItem","position":1,"name":"Home","item":"https:\/\/www.vdh.virginia.gov\/richmond-city\/"},{"@type":"ListItem","position":2,"name":"\u00bfC\u00f3mo obtengo la vacuna?"}]},{"@type":"WebSite","@id":"https:\/\/www.vdh.virginia.gov\/richmond-city\/#website","url":"https:\/\/www.vdh.virginia.gov\/richmond-city\/","name":"Richmond City Health Department","description":"","potentialAction":[{"@type":"SearchAction","target":{"@type":"EntryPoint","urlTemplate":"https:\/\/www.vdh.virginia.gov\/richmond-city\/?s={search_term_string}"},"query-input":{"@type":"PropertyValueSpecification","valueRequired":true,"valueName":"search_term_string"}}],"inLanguage":"en-US"}]}},"_links":{"self":[{"href":"https:\/\/www.vdh.virginia.gov\/richmond-city\/wp-json\/wp\/v2\/pages\/11797","targetHints":{"allow":["GET"]}}],"collection":[{"href":"https:\/\/www.vdh.virginia.gov\/richmond-city\/wp-json\/wp\/v2\/pages"}],"about":[{"href":"https:\/\/www.vdh.virginia.gov\/richmond-city\/wp-json\/wp\/v2\/types\/page"}],"author":[{"embeddable":true,"href":"https:\/\/www.vdh.virginia.gov\/richmond-city\/wp-json\/wp\/v2\/users\/590"}],"replies":[{"embeddable":true,"href":"https:\/\/www.vdh.virginia.gov\/richmond-city\/wp-json\/wp\/v2\/comments?post=11797"}],"version-history":[{"count":21,"href":"https:\/\/www.vdh.virginia.gov\/richmond-city\/wp-json\/wp\/v2\/pages\/11797\/revisions"}],"predecessor-version":[{"id":23608,"href":"https:\/\/www.vdh.virginia.gov\/richmond-city\/wp-json\/wp\/v2\/pages\/11797\/revisions\/23608"}],"wp:attachment":[{"href":"https:\/\/www.vdh.virginia.gov\/richmond-city\/wp-json\/wp\/v2\/media?parent=11797"}],"wp:term":[{"taxonomy":"post_tag","embeddable":true,"href":"https:\/\/www.vdh.virginia.gov\/richmond-city\/wp-json\/wp\/v2\/tags?post=11797"}],"curies":[{"name":"wp","href":"https:\/\/api.w.org\/{rel}","templated":true}]}}